{"id":23,"date":"2011-05-04T15:58:52","date_gmt":"2011-05-04T13:58:52","guid":{"rendered":"http:\/\/cadredidactice.ub.ro\/alexedan\/?page_id=23"},"modified":"2015-10-24T17:29:54","modified_gmt":"2015-10-24T15:29:54","slug":"cercetare","status":"publish","type":"page","link":"https:\/\/cadredidactice.ub.ro\/alexedan\/cercetare\/","title":{"rendered":"Cercetare"},"content":{"rendered":"<p><em><strong>Nu am nici un talent anume. Sunt doar extraordinar de curios! (Albert Einstein)<\/strong><\/em><\/p>\n<p style=\"text-align: justify\"><a href=\"https:\/\/cadredidactice.ub.ro\/wp-content\/uploads\/sites\/41\/2011\/05\/idea.jpg\"><img loading=\"lazy\" decoding=\"async\" class=\"alignnone size-full wp-image-224\" src=\"https:\/\/cadredidactice.ub.ro\/wp-content\/uploads\/sites\/41\/2011\/05\/idea.jpg\" alt=\"idea\" width=\"203\" height=\"248\" \/><\/a><\/p>\n<p style=\"text-align: justify\"><em>E\u015fti curios?<\/em> Acces\u00e2nd link-ul urm\u0103tor <a href=\"http:\/\/www.danalexe.ro\/academic\" target=\"_blank\">http:\/\/www.danalexe.ro\/academic<\/a> vei putea descoperi o parte a activit\u0103\u021bii mele de cercetare, desf\u0103\u0219urat\u0103 \u00eenc\u0103 din timpul studen\u021biei (2001, student anul III ). Nu pot spune c\u0103 este foarte bogat\u0103, \u00eens\u0103 este o activitate consistent\u0103, realizat\u0103 cu mult\u0103 munc\u0103 \u015fi responsabilitate.<\/p>\n<p style=\"text-align: justify\"><a href=\"https:\/\/cadredidactice.ub.ro\/wp-content\/uploads\/sites\/41\/2011\/05\/teza-doctorat.pdf\" target=\"_blank\">Teza-Doctorat<\/a><\/p>\n<p style=\"text-align: justify\"><a href=\"http:\/\/www.danalexe.ro\/wp-content\/uploads\/2008\/03\/Alexe_Dan_PhD_thesis_abstract.pdf\" target=\"_blank\">Abstract Teza Doctorat<br \/>\n<\/a><\/p>\n","protected":false},"excerpt":{"rendered":"<p>Nu am nici un talent anume. Sunt doar extraordinar de curios! (Albert Einstein) E\u015fti curios? Acces\u00e2nd link-ul urm\u0103tor http:\/\/www.danalexe.ro\/academic vei putea descoperi o parte a activit\u0103\u021bii mele de cercetare, desf\u0103\u0219urat\u0103 \u00eenc\u0103 din timpul studen\u021biei (2001, student anul III ). Nu &hellip;<\/p>\n<p class=\"read-more\"><a href=\"https:\/\/cadredidactice.ub.ro\/alexedan\/cercetare\/\">Continue reading<\/a><\/p>\n","protected":false},"author":34,"featured_media":0,"parent":0,"menu_order":2,"comment_status":"closed","ping_status":"closed","template":"","meta":{"footnotes":""},"class_list":["post-23","page","type-page","status-publish","hentry"],"_links":{"self":[{"href":"https:\/\/cadredidactice.ub.ro\/alexedan\/wp-json\/wp\/v2\/pages\/23","targetHints":{"allow":["GET"]}}],"collection":[{"href":"https:\/\/cadredidactice.ub.ro\/alexedan\/wp-json\/wp\/v2\/pages"}],"about":[{"href":"https:\/\/cadredidactice.ub.ro\/alexedan\/wp-json\/wp\/v2\/types\/page"}],"author":[{"embeddable":true,"href":"https:\/\/cadredidactice.ub.ro\/alexedan\/wp-json\/wp\/v2\/users\/34"}],"replies":[{"embeddable":true,"href":"https:\/\/cadredidactice.ub.ro\/alexedan\/wp-json\/wp\/v2\/comments?post=23"}],"version-history":[{"count":0,"href":"https:\/\/cadredidactice.ub.ro\/alexedan\/wp-json\/wp\/v2\/pages\/23\/revisions"}],"wp:attachment":[{"href":"https:\/\/cadredidactice.ub.ro\/alexedan\/wp-json\/wp\/v2\/media?parent=23"}],"curies":[{"name":"wp","href":"https:\/\/api.w.org\/{rel}","templated":true}]}}