{"id":2,"date":"2011-02-16T14:51:44","date_gmt":"2011-02-16T12:51:44","guid":{"rendered":""},"modified":"2011-05-27T01:09:21","modified_gmt":"2011-05-26T23:09:21","slug":"about","status":"publish","type":"page","link":"https:\/\/cadredidactice.ub.ro\/alexedan\/about\/","title":{"rendered":"Cunoa\u015fte-m\u0103!"},"content":{"rendered":"<p><em><strong>Voie\u015fti s\u0103 cuno\u015fti lucrurile? Prive\u015fte-le de aproape<\/strong><\/em> <strong><em>(I.L.Caragiale)<\/em><\/strong><\/p>\n<p style=\"text-align: center\"><a href=\"https:\/\/cadredidactice.ub.ro\/wp-content\/uploads\/sites\/41\/2011\/05\/alexe-dan-iulian3.jpg\"><img loading=\"lazy\" decoding=\"async\" class=\"size-medium wp-image-25 aligncenter\" src=\"https:\/\/cadredidactice.ub.ro\/wp-content\/uploads\/sites\/41\/2011\/05\/alexe-dan-iulian3.jpg\" alt=\"\" width=\"150\" height=\"165\" \/><\/a><\/p>\n<p>Voie\u015fti s\u0103 m\u0103 cuno\u015fti? Prive\u015fte-m\u0103 de aproape: <a href=\"http:\/\/www.danalexe.ro\/despre\" target=\"_blank\"><strong>Curriculum Vitae<\/strong><\/a><\/p>\n","protected":false},"excerpt":{"rendered":"<p>Voie\u015fti s\u0103 cuno\u015fti lucrurile? Prive\u015fte-le de aproape (I.L.Caragiale) Voie\u015fti s\u0103 m\u0103 cuno\u015fti? Prive\u015fte-m\u0103 de aproape: Curriculum Vitae<\/p>\n","protected":false},"author":34,"featured_media":0,"parent":0,"menu_order":1,"comment_status":"open","ping_status":"open","template":"","meta":{"footnotes":""},"class_list":["post-2","page","type-page","status-publish","hentry"],"_links":{"self":[{"href":"https:\/\/cadredidactice.ub.ro\/alexedan\/wp-json\/wp\/v2\/pages\/2","targetHints":{"allow":["GET"]}}],"collection":[{"href":"https:\/\/cadredidactice.ub.ro\/alexedan\/wp-json\/wp\/v2\/pages"}],"about":[{"href":"https:\/\/cadredidactice.ub.ro\/alexedan\/wp-json\/wp\/v2\/types\/page"}],"author":[{"embeddable":true,"href":"https:\/\/cadredidactice.ub.ro\/alexedan\/wp-json\/wp\/v2\/users\/34"}],"replies":[{"embeddable":true,"href":"https:\/\/cadredidactice.ub.ro\/alexedan\/wp-json\/wp\/v2\/comments?post=2"}],"version-history":[{"count":0,"href":"https:\/\/cadredidactice.ub.ro\/alexedan\/wp-json\/wp\/v2\/pages\/2\/revisions"}],"wp:attachment":[{"href":"https:\/\/cadredidactice.ub.ro\/alexedan\/wp-json\/wp\/v2\/media?parent=2"}],"curies":[{"name":"wp","href":"https:\/\/api.w.org\/{rel}","templated":true}]}}