{"id":81,"date":"2011-02-28T22:43:42","date_gmt":"2011-02-28T20:43:42","guid":{"rendered":"http:\/\/cadredidactice.ub.ro\/alexairinaclaudia\/?page_id=81"},"modified":"2011-03-01T12:36:02","modified_gmt":"2011-03-01T10:36:02","slug":"studenti","status":"publish","type":"page","link":"https:\/\/cadredidactice.ub.ro\/alexairinaclaudia\/studenti\/","title":{"rendered":"Studenti"},"content":{"rendered":"<ul>\n<li>\n<h3><strong>Orar Facultati de Inginerie<\/strong><\/h3>\n<\/li>\n<\/ul>\n<p style=\"padding-left: 60px\">&#8211; <a title=\"Orar inginerie\" href=\"http:\/\/www.ionelo.go.ro\/downloads\/Orar_electronic_inginerie.pdf\" target=\"_blank\">Orar electronic facult\u0103\u0163i de inginerie universit\u0103\u0163i Vasile Alecsadnri din Bacau- pdf<\/a><\/p>\n","protected":false},"excerpt":{"rendered":"<p>Orar Facultati de Inginerie &#8211; Orar electronic facult\u0103\u0163i de inginerie universit\u0103\u0163i Vasile Alecsadnri din Bacau- pdf<\/p>\n","protected":false},"author":80,"featured_media":0,"parent":0,"menu_order":0,"comment_status":"open","ping_status":"open","template":"","meta":{"footnotes":""},"class_list":["post-81","page","type-page","status-publish","hentry"],"_links":{"self":[{"href":"https:\/\/cadredidactice.ub.ro\/alexairinaclaudia\/wp-json\/wp\/v2\/pages\/81","targetHints":{"allow":["GET"]}}],"collection":[{"href":"https:\/\/cadredidactice.ub.ro\/alexairinaclaudia\/wp-json\/wp\/v2\/pages"}],"about":[{"href":"https:\/\/cadredidactice.ub.ro\/alexairinaclaudia\/wp-json\/wp\/v2\/types\/page"}],"author":[{"embeddable":true,"href":"https:\/\/cadredidactice.ub.ro\/alexairinaclaudia\/wp-json\/wp\/v2\/users\/80"}],"replies":[{"embeddable":true,"href":"https:\/\/cadredidactice.ub.ro\/alexairinaclaudia\/wp-json\/wp\/v2\/comments?post=81"}],"version-history":[{"count":0,"href":"https:\/\/cadredidactice.ub.ro\/alexairinaclaudia\/wp-json\/wp\/v2\/pages\/81\/revisions"}],"wp:attachment":[{"href":"https:\/\/cadredidactice.ub.ro\/alexairinaclaudia\/wp-json\/wp\/v2\/media?parent=81"}],"curies":[{"name":"wp","href":"https:\/\/api.w.org\/{rel}","templated":true}]}}