{"id":74,"date":"2011-02-28T22:42:17","date_gmt":"2011-02-28T20:42:17","guid":{"rendered":"http:\/\/cadredidactice.ub.ro\/alexairinaclaudia\/?page_id=74"},"modified":"2011-03-01T12:29:07","modified_gmt":"2011-03-01T10:29:07","slug":"info-contact","status":"publish","type":"page","link":"https:\/\/cadredidactice.ub.ro\/alexairinaclaudia\/info-contact\/","title":{"rendered":"Info \/ Contact"},"content":{"rendered":"<p><img loading=\"lazy\" decoding=\"async\" class=\"alignleft\" src=\"http:\/\/cisapm.inginerie.ub.ro\/images\/stories\/poze_cisapm\/alexa_irina_claudia.jpg\" alt=\"\" width=\"156\" height=\"203\" \/><\/p>\n<h1><strong>Bine a\u0163i venit,<\/strong><\/h1>\n<p style=\"text-align: left;padding-left: 180px\"><strong>Pe pagina mea personal\u0103, m\u0103 numesc Alexa Irina-Claudia sunt doctor inginer cu functia \u015eef lucr\u0103ri la Universitatea &#8222;Vasile Alecsandri&#8221; din Bac\u0103u, Facultatea de Inginerie, Departamentul Chimia \u015fi Ingineria Siguran\u0163ei Alimentare \u015fi Protec\u0163iei Mediului (CISAPM), disciplinele Biochimie, Biochimia produselor alimentare \u015fi Chimie Organic\u0103.<\/strong><\/p>\n<p style=\"padding-left: 120px\"><strong>Pe aceast\u0103 pagina g\u0103si\u0163i &#8230;.. <\/strong><\/p>\n<p><strong>Citat preferat:<\/strong><\/p>\n<blockquote><p>Citat<!--more--><\/p><\/blockquote>\n<ul>\n<li>\n<h3>Date despre mine:<\/h3>\n<\/li>\n<\/ul>\n<address><strong>CV <\/strong>&#8211; <a title=\"CV Alexa Irina Claudia\" href=\"https:\/\/cadredidactice.ub.ro\/wp-content\/uploads\/sites\/86\/2011\/03\/cv_alexa-irina-claudia.pdf\" target=\"_blank\">dr. Ing. Alexa Irina-Claudia<\/a><\/address>\n<ul>\n<li>\n<h3>Contact:<\/h3>\n<\/li>\n<\/ul>\n<address><strong>Tel:<\/strong> <em>004-0234-542411\/int. 119;<\/em><br \/>\n<strong>Fax:<\/strong> <em>004-0234-545753; 0234-580170<\/em><br \/>\n<strong>E-mail: <\/strong><a title=\"E-mail Alexa Irina-Claudia\" href=\"mailto:irinaalexa@ub.ro\" target=\"_blank\">irinaalexa@ub.ro<\/a><\/address>\n<address><strong>Webpage: <\/strong><a title=\"Webpage Alexa Irina-Claudia\" href=\"http:\/\/cadredidactice.ub.ro\/alexairinaclaudia\" target=\"_blank\">http:\/\/cadredidactice.ub.ro\/alexairinaclaudia<\/a><br \/>\n<\/address>\n<ul>\n<li>\n<h3>Sala:<\/h3>\n<\/li>\n<\/ul>\n<h3 style=\"padding-left: 60px\">AI 3\u00a0 &#8211; mar\u0163i\u00a010:00 &#8211; 12:00<\/h3>\n<h3 style=\"padding-left: 120px\">joi 10:00 &#8211; 12:00<\/h3>\n","protected":false},"excerpt":{"rendered":"<p>Bine a\u0163i venit, Pe pagina mea personal\u0103, m\u0103 numesc Alexa Irina-Claudia sunt doctor inginer cu functia \u015eef lucr\u0103ri la Universitatea &#8222;Vasile Alecsandri&#8221; din Bac\u0103u, Facultatea de Inginerie, Departamentul Chimia \u015fi Ingineria Siguran\u0163ei Alimentare \u015fi Protec\u0163iei Mediului (CISAPM), disciplinele Biochimie, Biochimia &hellip;<\/p>\n<p class=\"read-more\"><a href=\"https:\/\/cadredidactice.ub.ro\/alexairinaclaudia\/info-contact\/\">Continue reading<\/a><\/p>\n","protected":false},"author":80,"featured_media":0,"parent":0,"menu_order":0,"comment_status":"open","ping_status":"open","template":"","meta":{"footnotes":""},"class_list":["post-74","page","type-page","status-publish","hentry"],"_links":{"self":[{"href":"https:\/\/cadredidactice.ub.ro\/alexairinaclaudia\/wp-json\/wp\/v2\/pages\/74","targetHints":{"allow":["GET"]}}],"collection":[{"href":"https:\/\/cadredidactice.ub.ro\/alexairinaclaudia\/wp-json\/wp\/v2\/pages"}],"about":[{"href":"https:\/\/cadredidactice.ub.ro\/alexairinaclaudia\/wp-json\/wp\/v2\/types\/page"}],"author":[{"embeddable":true,"href":"https:\/\/cadredidactice.ub.ro\/alexairinaclaudia\/wp-json\/wp\/v2\/users\/80"}],"replies":[{"embeddable":true,"href":"https:\/\/cadredidactice.ub.ro\/alexairinaclaudia\/wp-json\/wp\/v2\/comments?post=74"}],"version-history":[{"count":0,"href":"https:\/\/cadredidactice.ub.ro\/alexairinaclaudia\/wp-json\/wp\/v2\/pages\/74\/revisions"}],"wp:attachment":[{"href":"https:\/\/cadredidactice.ub.ro\/alexairinaclaudia\/wp-json\/wp\/v2\/media?parent=74"}],"curies":[{"name":"wp","href":"https:\/\/api.w.org\/{rel}","templated":true}]}}