{"id":12,"date":"2011-02-15T17:00:30","date_gmt":"2011-02-15T15:00:30","guid":{"rendered":"http:\/\/cadredidactice.ub.ro\/adrianghenadi\/?page_id=12"},"modified":"2011-02-17T13:23:42","modified_gmt":"2011-02-17T11:23:42","slug":"teme-lucrari-licenta","status":"publish","type":"page","link":"https:\/\/cadredidactice.ub.ro\/adrianghenadi\/teme-lucrari-licenta\/","title":{"rendered":"teme lucr\u0103ri licen\u0163\u0103"},"content":{"rendered":"<p>Teme Licenta Mecatronic\u0103<\/p>\n<p>2012<\/p>\n<p>1.Proiectarea \u015fi realizarea unui robot paralel cu 3 grade de mobilitate.<br \/>\n2.Metode si tehnici pentru controlul vizual al parametrilor cinematici ai unui robot<br \/>\n3.Dezvoltarea unor aplica\u0163ii didactice pentru robotul RV-2AJ Mitsubishi<br \/>\n4.Modelarea geometric\u0103 a robo\u0163ilor industriali afla\u0163i \u00een dotare;.<br \/>\n5.Algoritm si metoda pentru planificarea traiectoriilor robotilor mobili<br \/>\n6.Dispozitiv controlat electronic pentru echilibrarea dinamica a rotorilor<br \/>\n7.Echiparea cu greiffer actionat pneumatic a robotului RV- 2AJ Mitsubishi<\/p>\n<p style=\"text-align: left\">TEME DE PROIECT \u2013 sesiunea IUNIE 2011<\/p>\n<p>Specializarea : INGINERIE ECONOMIC\u0102 \u00ceN DOMENIUL MECANIC<\/p>\n<p>1.Studiu tehnic comparativ al unor tipuri de masini pentru\u00a0 echilibrat roti de\u00a0 automobil.<br \/>\n2.Proiectarea actionarii si a lantului cinematic al unui aparat de vibro-masaj<br \/>\n3.Utilizarea platformei SimaPro pentru simularea procesului tehnologic a unui acumulator auto din punct de vedere al ciclului de viata.<br \/>\n4.Concep\u0163ia \u015fi lantul cinematic al unui mecanism prehensor din structura unui robot industrial.<br \/>\n5.Studiu tehnic comparativ privind eficienta unor sisteme diverse de climatizare a locuintelor pe timp de iarna<br \/>\n6.Lant cinematic pentru actionarea\u00a0 unei prese automate pentru tablete din industria farmaceutica.<\/p>\n","protected":false},"excerpt":{"rendered":"<p>Teme Licenta Mecatronic\u0103 2012 1.Proiectarea \u015fi realizarea unui robot paralel cu 3 grade de mobilitate. 2.Metode si tehnici pentru controlul vizual al parametrilor cinematici ai unui robot 3.Dezvoltarea unor aplica\u0163ii didactice pentru robotul RV-2AJ Mitsubishi 4.Modelarea geometric\u0103 a robo\u0163ilor industriali &hellip;<\/p>\n<p class=\"read-more\"><a href=\"https:\/\/cadredidactice.ub.ro\/adrianghenadi\/teme-lucrari-licenta\/\">Continue reading<\/a><\/p>\n","protected":false},"author":30,"featured_media":0,"parent":0,"menu_order":0,"comment_status":"closed","ping_status":"closed","template":"","meta":{"footnotes":""},"class_list":["post-12","page","type-page","status-publish","hentry"],"_links":{"self":[{"href":"https:\/\/cadredidactice.ub.ro\/adrianghenadi\/wp-json\/wp\/v2\/pages\/12","targetHints":{"allow":["GET"]}}],"collection":[{"href":"https:\/\/cadredidactice.ub.ro\/adrianghenadi\/wp-json\/wp\/v2\/pages"}],"about":[{"href":"https:\/\/cadredidactice.ub.ro\/adrianghenadi\/wp-json\/wp\/v2\/types\/page"}],"author":[{"embeddable":true,"href":"https:\/\/cadredidactice.ub.ro\/adrianghenadi\/wp-json\/wp\/v2\/users\/30"}],"replies":[{"embeddable":true,"href":"https:\/\/cadredidactice.ub.ro\/adrianghenadi\/wp-json\/wp\/v2\/comments?post=12"}],"version-history":[{"count":0,"href":"https:\/\/cadredidactice.ub.ro\/adrianghenadi\/wp-json\/wp\/v2\/pages\/12\/revisions"}],"wp:attachment":[{"href":"https:\/\/cadredidactice.ub.ro\/adrianghenadi\/wp-json\/wp\/v2\/media?parent=12"}],"curies":[{"name":"wp","href":"https:\/\/api.w.org\/{rel}","templated":true}]}}