{"id":24,"date":"2015-10-24T18:59:40","date_gmt":"2015-10-24T16:59:40","guid":{"rendered":"http:\/\/cadredidactice.ub.ro\/ababeicatalina\/?page_id=24"},"modified":"2015-10-24T19:00:58","modified_gmt":"2015-10-24T17:00:58","slug":"carti-si-cursuri-de-specialitate","status":"publish","type":"page","link":"https:\/\/cadredidactice.ub.ro\/ababeicatalina\/carti-si-cursuri-de-specialitate\/","title":{"rendered":"Car\u0163i \u015fi cursuri de specialitate"},"content":{"rendered":"<p><strong>C\u0103r\u0163i de specialitate<\/strong><\/p>\n<p><a href=\"https:\/\/cadredidactice.ub.ro\/wp-content\/uploads\/sites\/15\/2015\/10\/ababei-c-1.jpg\"><img loading=\"lazy\" decoding=\"async\" class=\"alignnone size-medium wp-image-25\" src=\"https:\/\/cadredidactice.ub.ro\/wp-content\/uploads\/sites\/15\/2015\/10\/ababei-c-1-201x300.jpg\" alt=\"ababei c 1\" width=\"201\" height=\"300\" srcset=\"https:\/\/cadredidactice.ub.ro\/ababeicatalina\/files\/2015\/10\/ababei-c-1-201x300.jpg 201w, https:\/\/cadredidactice.ub.ro\/ababeicatalina\/files\/2015\/10\/ababei-c-1-688x1024.jpg 688w, https:\/\/cadredidactice.ub.ro\/ababeicatalina\/files\/2015\/10\/ababei-c-1.jpg 1692w\" sizes=\"auto, (max-width: 201px) 100vw, 201px\" \/><\/a> <a href=\"https:\/\/cadredidactice.ub.ro\/wp-content\/uploads\/sites\/15\/2015\/10\/ababei-c.jpg\"><img loading=\"lazy\" decoding=\"async\" class=\"alignnone size-medium wp-image-26\" src=\"https:\/\/cadredidactice.ub.ro\/wp-content\/uploads\/sites\/15\/2015\/10\/ababei-c-204x300.jpg\" alt=\"COPERTa CARTE BIOMECANICA\" width=\"204\" height=\"300\" srcset=\"https:\/\/cadredidactice.ub.ro\/ababeicatalina\/files\/2015\/10\/ababei-c-204x300.jpg 204w, https:\/\/cadredidactice.ub.ro\/ababeicatalina\/files\/2015\/10\/ababei-c.jpg 483w\" sizes=\"auto, (max-width: 204px) 100vw, 204px\" \/><\/a> <a href=\"https:\/\/cadredidactice.ub.ro\/wp-content\/uploads\/sites\/15\/2015\/10\/ababei-cata-1.jpg\"><img loading=\"lazy\" decoding=\"async\" class=\"alignnone size-medium wp-image-27\" src=\"https:\/\/cadredidactice.ub.ro\/wp-content\/uploads\/sites\/15\/2015\/10\/ababei-cata-1-202x300.jpg\" alt=\"ababei cata (1)\" width=\"202\" height=\"300\" srcset=\"https:\/\/cadredidactice.ub.ro\/ababeicatalina\/files\/2015\/10\/ababei-cata-1-202x300.jpg 202w, https:\/\/cadredidactice.ub.ro\/ababeicatalina\/files\/2015\/10\/ababei-cata-1-688x1024.jpg 688w, https:\/\/cadredidactice.ub.ro\/ababeicatalina\/files\/2015\/10\/ababei-cata-1.jpg 1615w\" sizes=\"auto, (max-width: 202px) 100vw, 202px\" \/><\/a> <a href=\"https:\/\/cadredidactice.ub.ro\/wp-content\/uploads\/sites\/15\/2015\/10\/ababei-cata-2.jpg\"><img loading=\"lazy\" decoding=\"async\" class=\"alignnone size-medium wp-image-28\" src=\"https:\/\/cadredidactice.ub.ro\/wp-content\/uploads\/sites\/15\/2015\/10\/ababei-cata-2-219x300.jpg\" alt=\"ababei cata (2)\" width=\"219\" height=\"300\" srcset=\"https:\/\/cadredidactice.ub.ro\/ababeicatalina\/files\/2015\/10\/ababei-cata-2-219x300.jpg 219w, https:\/\/cadredidactice.ub.ro\/ababeicatalina\/files\/2015\/10\/ababei-cata-2-746x1024.jpg 746w, https:\/\/cadredidactice.ub.ro\/ababeicatalina\/files\/2015\/10\/ababei-cata-2.jpg 1810w\" sizes=\"auto, (max-width: 219px) 100vw, 219px\" \/><\/a> <a href=\"https:\/\/cadredidactice.ub.ro\/wp-content\/uploads\/sites\/15\/2015\/10\/ababei-cata-3.jpg\"><img loading=\"lazy\" decoding=\"async\" class=\"alignnone size-medium wp-image-29\" src=\"https:\/\/cadredidactice.ub.ro\/wp-content\/uploads\/sites\/15\/2015\/10\/ababei-cata-3-191x300.jpg\" alt=\"ababei cata (3)\" width=\"191\" height=\"300\" srcset=\"https:\/\/cadredidactice.ub.ro\/ababeicatalina\/files\/2015\/10\/ababei-cata-3-191x300.jpg 191w, https:\/\/cadredidactice.ub.ro\/ababeicatalina\/files\/2015\/10\/ababei-cata-3-653x1024.jpg 653w, https:\/\/cadredidactice.ub.ro\/ababeicatalina\/files\/2015\/10\/ababei-cata-3.jpg 1621w\" sizes=\"auto, (max-width: 191px) 100vw, 191px\" \/><\/a><\/p>\n<p><strong>Cursuri de specialitate<\/strong><\/p>\n<p><a href=\"https:\/\/cadredidactice.ub.ro\/wp-content\/uploads\/sites\/15\/2015\/10\/ababei-BGA.jpg\"><img loading=\"lazy\" decoding=\"async\" class=\"alignnone size-medium wp-image-32\" src=\"https:\/\/cadredidactice.ub.ro\/wp-content\/uploads\/sites\/15\/2015\/10\/ababei-BGA-194x300.jpg\" alt=\"ababei BGA\" width=\"194\" height=\"300\" srcset=\"https:\/\/cadredidactice.ub.ro\/ababeicatalina\/files\/2015\/10\/ababei-BGA-194x300.jpg 194w, https:\/\/cadredidactice.ub.ro\/ababeicatalina\/files\/2015\/10\/ababei-BGA-661x1024.jpg 661w, https:\/\/cadredidactice.ub.ro\/ababeicatalina\/files\/2015\/10\/ababei-BGA.jpg 1557w\" sizes=\"auto, (max-width: 194px) 100vw, 194px\" \/><\/a> <a href=\"https:\/\/cadredidactice.ub.ro\/wp-content\/uploads\/sites\/15\/2015\/10\/ababei-cata-4.jpg\"><img loading=\"lazy\" decoding=\"async\" class=\"alignnone size-medium wp-image-33\" src=\"https:\/\/cadredidactice.ub.ro\/wp-content\/uploads\/sites\/15\/2015\/10\/ababei-cata-4-190x300.jpg\" alt=\"ababei cata (4)\" width=\"190\" height=\"300\" srcset=\"https:\/\/cadredidactice.ub.ro\/ababeicatalina\/files\/2015\/10\/ababei-cata-4-190x300.jpg 190w, https:\/\/cadredidactice.ub.ro\/ababeicatalina\/files\/2015\/10\/ababei-cata-4-648x1024.jpg 648w, https:\/\/cadredidactice.ub.ro\/ababeicatalina\/files\/2015\/10\/ababei-cata-4.jpg 1512w\" sizes=\"auto, (max-width: 190px) 100vw, 190px\" \/><\/a> <a href=\"https:\/\/cadredidactice.ub.ro\/wp-content\/uploads\/sites\/15\/2015\/10\/ababei-TPA.jpg\"><img loading=\"lazy\" decoding=\"async\" class=\"alignnone size-medium wp-image-34\" src=\"https:\/\/cadredidactice.ub.ro\/wp-content\/uploads\/sites\/15\/2015\/10\/ababei-TPA-222x300.jpg\" alt=\"ababei TPA\" width=\"222\" height=\"300\" srcset=\"https:\/\/cadredidactice.ub.ro\/ababeicatalina\/files\/2015\/10\/ababei-TPA-222x300.jpg 222w, https:\/\/cadredidactice.ub.ro\/ababeicatalina\/files\/2015\/10\/ababei-TPA.jpg 557w\" sizes=\"auto, (max-width: 222px) 100vw, 222px\" \/><\/a><a href=\"https:\/\/cadredidactice.ub.ro\/wp-content\/uploads\/sites\/15\/2015\/10\/ababei-cata-5.jpg\"><img loading=\"lazy\" decoding=\"async\" class=\"alignnone size-medium wp-image-36\" src=\"https:\/\/cadredidactice.ub.ro\/wp-content\/uploads\/sites\/15\/2015\/10\/ababei-cata-5-191x300.jpg\" alt=\"ababei cata (5)\" width=\"191\" height=\"300\" srcset=\"https:\/\/cadredidactice.ub.ro\/ababeicatalina\/files\/2015\/10\/ababei-cata-5-191x300.jpg 191w, https:\/\/cadredidactice.ub.ro\/ababeicatalina\/files\/2015\/10\/ababei-cata-5-654x1024.jpg 654w, https:\/\/cadredidactice.ub.ro\/ababeicatalina\/files\/2015\/10\/ababei-cata-5.jpg 1507w\" sizes=\"auto, (max-width: 191px) 100vw, 191px\" \/><\/a><\/p>\n","protected":false},"excerpt":{"rendered":"<p>C\u0103r\u0163i de specialitate Cursuri de specialitate<\/p>\n","protected":false},"author":13,"featured_media":0,"parent":0,"menu_order":0,"comment_status":"closed","ping_status":"closed","template":"","meta":{"footnotes":""},"class_list":["post-24","page","type-page","status-publish","hentry"],"_links":{"self":[{"href":"https:\/\/cadredidactice.ub.ro\/ababeicatalina\/wp-json\/wp\/v2\/pages\/24","targetHints":{"allow":["GET"]}}],"collection":[{"href":"https:\/\/cadredidactice.ub.ro\/ababeicatalina\/wp-json\/wp\/v2\/pages"}],"about":[{"href":"https:\/\/cadredidactice.ub.ro\/ababeicatalina\/wp-json\/wp\/v2\/types\/page"}],"author":[{"embeddable":true,"href":"https:\/\/cadredidactice.ub.ro\/ababeicatalina\/wp-json\/wp\/v2\/users\/13"}],"replies":[{"embeddable":true,"href":"https:\/\/cadredidactice.ub.ro\/ababeicatalina\/wp-json\/wp\/v2\/comments?post=24"}],"version-history":[{"count":0,"href":"https:\/\/cadredidactice.ub.ro\/ababeicatalina\/wp-json\/wp\/v2\/pages\/24\/revisions"}],"wp:attachment":[{"href":"https:\/\/cadredidactice.ub.ro\/ababeicatalina\/wp-json\/wp\/v2\/media?parent=24"}],"curies":[{"name":"wp","href":"https:\/\/api.w.org\/{rel}","templated":true}]}}